{"id":20,"date":"2024-07-29T15:14:14","date_gmt":"2024-07-29T15:14:14","guid":{"rendered":"https:\/\/moratadelaymediademos.com\/?page_id=20"},"modified":"2024-08-02T18:44:24","modified_gmt":"2024-08-02T18:44:24","slug":"servicios","status":"publish","type":"page","link":"https:\/\/moratadelaymediademos.com\/en\/servicios\/","title":{"rendered":"Services"},"content":{"rendered":"<div data-elementor-type=\"wp-page\" data-elementor-id=\"20\" class=\"elementor elementor-20\" data-elementor-post-type=\"page\">\n\t\t\t\t<div class=\"elementor-element elementor-element-12e51174 e-con-full e-flex e-con e-parent\" data-id=\"12e51174\" data-element_type=\"container\">\n\t\t\t\t<div class=\"elementor-element elementor-element-10b9f6b8 elementor-widget elementor-widget-image\" data-id=\"10b9f6b8\" data-element_type=\"widget\" data-widget_type=\"image.default\">\n\t\t\t\t<div class=\"elementor-widget-container\">\n\t\t\t\t\t\t\t\t\t\t\t\t\t<img decoding=\"async\" src=\"https:\/\/moratadelaymediademos.com\/wp-content\/uploads\/2024\/07\/2147650865.jpg\" title=\"2147650865\" alt=\"2147650865\" loading=\"lazy\" \/>\t\t\t\t\t\t\t\t\t\t\t\t\t<\/div>\n\t\t\t\t<\/div>\n\t\t<div class=\"elementor-element elementor-element-25783df1 e-flex e-con-boxed e-con e-child\" data-id=\"25783df1\" data-element_type=\"container\">\n\t\t\t\t\t<div class=\"e-con-inner\">\n\t\t<div class=\"elementor-element elementor-element-2dcc9a5e e-flex e-con-boxed e-con e-child\" data-id=\"2dcc9a5e\" data-element_type=\"container\">\n\t\t\t\t\t<div class=\"e-con-inner\">\n\t\t<div class=\"elementor-element elementor-element-53460321 e-flex e-con-boxed e-con e-child\" data-id=\"53460321\" data-element_type=\"container\" data-settings=\"{&quot;background_background&quot;:&quot;classic&quot;}\">\n\t\t\t\t\t<div class=\"e-con-inner\">\n\t\t\t\t<div class=\"elementor-element elementor-element-33f1d27 elementor-widget elementor-widget-heading\" data-id=\"33f1d27\" data-element_type=\"widget\" data-widget_type=\"heading.default\">\n\t\t\t\t<div class=\"elementor-widget-container\">\n\t\t\t<style>\/*! elementor - v3.23.0 - 25-07-2024 *\/\n.elementor-heading-title{padding:0;margin:0;line-height:1}.elementor-widget-heading .elementor-heading-title[class*=elementor-size-]>a{color:inherit;font-size:inherit;line-height:inherit}.elementor-widget-heading .elementor-heading-title.elementor-size-small{font-size:15px}.elementor-widget-heading .elementor-heading-title.elementor-size-medium{font-size:19px}.elementor-widget-heading .elementor-heading-title.elementor-size-large{font-size:29px}.elementor-widget-heading .elementor-heading-title.elementor-size-xl{font-size:39px}.elementor-widget-heading .elementor-heading-title.elementor-size-xxl{font-size:59px}<\/style><h2 class=\"elementor-heading-title elementor-size-default\">Our Legal Services in Alicante<\/h2>\t\t<\/div>\n\t\t\t\t<\/div>\n\t\t\t\t<div class=\"elementor-element elementor-element-2244a81c elementor-widget elementor-widget-heading\" data-id=\"2244a81c\" data-element_type=\"widget\" data-widget_type=\"heading.default\">\n\t\t\t\t<div class=\"elementor-widget-container\">\n\t\t\t<h1 class=\"elementor-heading-title elementor-size-default\">In Legis Lawyers, we offer a wide range of legal services designed to meet all of your legal needs. Our team of lawyers specialized is ready to assist you in the following areas.<\/h1>\t\t<\/div>\n\t\t\t\t<\/div>\n\t\t\t\t\t<\/div>\n\t\t\t\t<\/div>\n\t\t\t\t\t<\/div>\n\t\t\t\t<\/div>\n\t\t\t\t\t<\/div>\n\t\t\t\t<\/div>\n\t\t\t\t<\/div>\n\t\t<div class=\"elementor-element elementor-element-720bf74 e-flex e-con-boxed e-con e-parent\" data-id=\"720bf74\" data-element_type=\"container\">\n\t\t\t\t\t<div class=\"e-con-inner\">\n\t\t\t\t<div class=\"elementor-element elementor-element-cf7299c elementor-widget elementor-widget-text-editor\" data-id=\"cf7299c\" data-element_type=\"widget\" data-widget_type=\"text-editor.default\">\n\t\t\t\t<div class=\"elementor-widget-container\">\n\t\t\t<style>\/*! elementor - v3.23.0 - 25-07-2024 *\/\n.elementor-widget-text-editor.elementor-drop-cap-view-stacked .elementor-drop-cap{background-color:#69727d;color:#fff}.elementor-widget-text-editor.elementor-drop-cap-view-framed .elementor-drop-cap{color:#69727d;border:3px solid;background-color:transparent}.elementor-widget-text-editor:not(.elementor-drop-cap-view-default) .elementor-drop-cap{margin-top:8px}.elementor-widget-text-editor:not(.elementor-drop-cap-view-default) .elementor-drop-cap-letter{width:1em;height:1em}.elementor-widget-text-editor .elementor-drop-cap{float:left;text-align:center;line-height:1;font-size:50px}.elementor-widget-text-editor .elementor-drop-cap-letter{display:inline-block}<\/style>\t\t\t\t<h3>Civil Law<\/h3><p>We advise and represent them in cases of civil law, including contracts, inheritances, divorces, and more. We specialize in resolving civil disputes in an efficient way, ensuring that your rights are always protected.<\/p><h3>Criminal Law<\/h3><p>We defend your rights at all stages of the criminal process, from assistance to the detainee to the defense at trial. Our team criminal has extensive experience in economic crimes, gender-based violence, and other serious crimes.<\/p><h3>Labour Law<\/h3><p>We offer advice and representation in employment matters, for both workers and companies. We deal with labour disputes, terminations, claims for wages, and more, always looking for the right solutions and quick.<\/p><h3>Commercial Law<\/h3><p>We help companies and entrepreneurs in all legal aspects related to trade and corporations. Since the constitution of society up to the drafting of contracts and the resolution of commercial disputes, we are here to support your business growth.<\/p><h3>Administrative Law<\/h3><p>We assist in administrative procedures and administrative litigation, including licensing, penalties, and resources. Our expertise in administrative law, allows us to offer a robust defence and accurate advice.<\/p><h3>Mediation and alternative dispute Resolution<\/h3><p>We promote the <strong>alternative dispute resolution<\/strong> as an alternative effective and less costly court proceedings. We are experts in mediation and negotiation, helping you to achieve beneficial deals without the need of going to court.<\/p><h3>Full Legal Advice<\/h3><p>In <strong>Legis Abogados<\/strong>we offer a service of <strong>full legal advice<\/strong> for individuals, companies and associations. We analyze your specific situation and we provide you with the best legal options, ensuring that your decisions are informed and safe.<\/p><p><strong>Why Choose us<\/strong><\/p><p>Choose <strong>Legis Abogados<\/strong> means to opt for a team of committed professionals with the <strong>excellence, transparency, and empathy<\/strong>. We are here to offer a legal service custom tailored to your needs and circumstances, with the maximum efficiency and clarity.<\/p>\t\t\t\t\t\t<\/div>\n\t\t\t\t<\/div>\n\t\t\t\t\t<\/div>\n\t\t\t\t<\/div>\n\t\t<div class=\"elementor-element elementor-element-19129a9 e-flex e-con-boxed elementor-invisible e-con e-parent\" data-id=\"19129a9\" data-element_type=\"container\" data-settings=\"{&quot;animation&quot;:&quot;fadeInUp&quot;}\">\n\t\t\t\t\t<div class=\"e-con-inner\">\n\t\t<div class=\"elementor-element elementor-element-3109fdb e-flex e-con-boxed e-con e-child\" data-id=\"3109fdb\" data-element_type=\"container\" data-settings=\"{&quot;background_background&quot;:&quot;classic&quot;}\">\n\t\t\t\t\t<div class=\"e-con-inner\">\n\t\t<div class=\"elementor-element elementor-element-32d93a3 e-con-full e-flex e-con e-child\" data-id=\"32d93a3\" data-element_type=\"container\">\n\t\t\t\t<div class=\"elementor-element elementor-element-bc7c3b7 elementor-hidden-tablet elementor-hidden-mobile elementor-widget elementor-widget-image\" data-id=\"bc7c3b7\" data-element_type=\"widget\" data-widget_type=\"image.default\">\n\t\t\t\t<div class=\"elementor-widget-container\">\n\t\t\t\t\t\t\t\t\t\t\t\t\t<img fetchpriority=\"high\" decoding=\"async\" width=\"683\" height=\"1024\" src=\"https:\/\/moratadelaymediademos.com\/wp-content\/uploads\/2024\/07\/2149776019-683x1024.jpg\" class=\"attachment-large size-large wp-image-128\" alt=\"\" srcset=\"https:\/\/moratadelaymediademos.com\/wp-content\/uploads\/2024\/07\/2149776019-683x1024.jpg 683w, https:\/\/moratadelaymediademos.com\/wp-content\/uploads\/2024\/07\/2149776019-200x300.jpg 200w, https:\/\/moratadelaymediademos.com\/wp-content\/uploads\/2024\/07\/2149776019-768x1152.jpg 768w, https:\/\/moratadelaymediademos.com\/wp-content\/uploads\/2024\/07\/2149776019.jpg 1000w\" sizes=\"(max-width: 683px) 100vw, 683px\" \/>\t\t\t\t\t\t\t\t\t\t\t\t\t<\/div>\n\t\t\t\t<\/div>\n\t\t\t\t<\/div>\n\t\t<div class=\"elementor-element elementor-element-ce19388 e-con-full e-flex e-con e-child\" data-id=\"ce19388\" data-element_type=\"container\">\n\t\t\t\t<div class=\"elementor-element elementor-element-b406618 elementor-widget elementor-widget-heading\" data-id=\"b406618\" data-element_type=\"widget\" data-widget_type=\"heading.default\">\n\t\t\t\t<div class=\"elementor-widget-container\">\n\t\t\t<span class=\"elementor-heading-title elementor-size-default\">You are our priority<\/span>\t\t<\/div>\n\t\t\t\t<\/div>\n\t\t\t\t<div class=\"elementor-element elementor-element-761fc61 elementor-widget elementor-widget-heading\" data-id=\"761fc61\" data-element_type=\"widget\" data-widget_type=\"heading.default\">\n\t\t\t\t<div class=\"elementor-widget-container\">\n\t\t\t<h2 class=\"elementor-heading-title elementor-size-default\">We resolve your doubts, legal, wherever you are.<\/h2>\t\t<\/div>\n\t\t\t\t<\/div>\n\t\t\t\t<div class=\"elementor-element elementor-element-f758666 elementor-align-left elementor-widget elementor-widget-button\" data-id=\"f758666\" data-element_type=\"widget\" data-widget_type=\"button.default\">\n\t\t\t\t<div class=\"elementor-widget-container\">\n\t\t\t\t\t<div class=\"elementor-button-wrapper\">\n\t\t\t<a class=\"elementor-button elementor-button-link elementor-size-sm\" href=\"https:\/\/moratadelaymediademos.com\/en\/contacto\/\">\n\t\t\t\t\t\t<span class=\"elementor-button-content-wrapper\">\n\t\t\t\t\t\t\t\t\t<span class=\"elementor-button-text\">Contact us now<\/span>\n\t\t\t\t\t<\/span>\n\t\t\t\t\t<\/a>\n\t\t<\/div>\n\t\t\t\t<\/div>\n\t\t\t\t<\/div>\n\t\t\t\t<\/div>\n\t\t\t\t\t<\/div>\n\t\t\t\t<\/div>\n\t\t\t\t\t<\/div>\n\t\t\t\t<\/div>\n\t\t\t\t<\/div>","protected":false},"excerpt":{"rendered":"<p>Nuestros Servicios Legales en Alicante En Legis Abogados, ofrecemos una amplia gama de servicios legales dise\u00f1ados para cubrir todas tus necesidades jur\u00eddicas. Nuestro equipo de letrados especializados est\u00e1 listo para asistirte en las siguientes \u00e1reas. Derecho Civil Asesoramos y representamos en casos de derecho civil, incluyendo contratos, herencias, divorcios, y m\u00e1s. Nos especializamos en resolver [&hellip;]<\/p>","protected":false},"author":1,"featured_media":0,"parent":0,"menu_order":0,"comment_status":"closed","ping_status":"closed","template":"","meta":{"footnotes":""},"class_list":["post-20","page","type-page","status-publish","hentry"],"_links":{"self":[{"href":"https:\/\/moratadelaymediademos.com\/en\/wp-json\/wp\/v2\/pages\/20"}],"collection":[{"href":"https:\/\/moratadelaymediademos.com\/en\/wp-json\/wp\/v2\/pages"}],"about":[{"href":"https:\/\/moratadelaymediademos.com\/en\/wp-json\/wp\/v2\/types\/page"}],"author":[{"embeddable":true,"href":"https:\/\/moratadelaymediademos.com\/en\/wp-json\/wp\/v2\/users\/1"}],"replies":[{"embeddable":true,"href":"https:\/\/moratadelaymediademos.com\/en\/wp-json\/wp\/v2\/comments?post=20"}],"version-history":[{"count":16,"href":"https:\/\/moratadelaymediademos.com\/en\/wp-json\/wp\/v2\/pages\/20\/revisions"}],"predecessor-version":[{"id":289,"href":"https:\/\/moratadelaymediademos.com\/en\/wp-json\/wp\/v2\/pages\/20\/revisions\/289"}],"wp:attachment":[{"href":"https:\/\/moratadelaymediademos.com\/en\/wp-json\/wp\/v2\/media?parent=20"}],"curies":[{"name":"wp","href":"https:\/\/api.w.org\/{rel}","templated":true}]}}