{"id":237,"date":"2024-07-29T22:21:07","date_gmt":"2024-07-29T22:21:07","guid":{"rendered":"https:\/\/moratadelaymediademos.com\/?page_id=237"},"modified":"2024-07-29T22:22:13","modified_gmt":"2024-07-29T22:22:13","slug":"politica-de-ventas-devoluciones-y-cancelaciones","status":"publish","type":"page","link":"https:\/\/moratadelaymediademos.com\/en\/politica-de-ventas-devoluciones-y-cancelaciones\/","title":{"rendered":"Sales policy, returns and cancellations"},"content":{"rendered":"<div data-elementor-type=\"wp-page\" data-elementor-id=\"237\" class=\"elementor elementor-237\" data-elementor-post-type=\"page\">\n\t\t\t\t<div class=\"elementor-element elementor-element-182e105 e-con-full e-flex e-con e-parent\" data-id=\"182e105\" data-element_type=\"container\">\n\t\t\t\t<div class=\"elementor-element elementor-element-561d576 elementor-widget elementor-widget-image\" data-id=\"561d576\" data-element_type=\"widget\" data-widget_type=\"image.default\">\n\t\t\t\t<div class=\"elementor-widget-container\">\n\t\t\t\t\t\t\t\t\t\t\t\t\t<img decoding=\"async\" src=\"https:\/\/moratadelaymediademos.com\/wp-content\/uploads\/2024\/07\/attractive-young-lawyer-in-office-business-woman-and-lawyers-discussing-contract-papers-with-brass-s.jpg\" title=\"Attractive young lawyer in the office Business woman and lawyers discussing contract papers with brass s\" alt=\"Attractive young lawyer in office Business woman and lawyers discussing contract papers with brass s\" loading=\"lazy\" \/>\t\t\t\t\t\t\t\t\t\t\t\t\t<\/div>\n\t\t\t\t<\/div>\n\t\t<div class=\"elementor-element elementor-element-fcb0676 e-flex e-con-boxed e-con e-child\" data-id=\"fcb0676\" data-element_type=\"container\">\n\t\t\t\t\t<div class=\"e-con-inner\">\n\t\t<div class=\"elementor-element elementor-element-f10b60b e-flex e-con-boxed e-con e-child\" data-id=\"f10b60b\" data-element_type=\"container\">\n\t\t\t\t\t<div class=\"e-con-inner\">\n\t\t<div class=\"elementor-element elementor-element-ab03634 e-flex e-con-boxed e-con e-child\" data-id=\"ab03634\" data-element_type=\"container\" data-settings=\"{&quot;background_background&quot;:&quot;classic&quot;}\">\n\t\t\t\t\t<div class=\"e-con-inner\">\n\t\t\t\t\t<\/div>\n\t\t\t\t<\/div>\n\t\t\t\t\t<\/div>\n\t\t\t\t<\/div>\n\t\t\t\t\t<\/div>\n\t\t\t\t<\/div>\n\t\t\t\t<\/div>\n\t\t<div class=\"elementor-element elementor-element-6b887e6 e-flex e-con-boxed e-con e-parent\" data-id=\"6b887e6\" data-element_type=\"container\">\n\t\t\t\t\t<div class=\"e-con-inner\">\n\t\t<div class=\"elementor-element elementor-element-3e776a8 e-flex e-con-boxed e-con e-child\" data-id=\"3e776a8\" data-element_type=\"container\">\n\t\t\t\t\t<div class=\"e-con-inner\">\n\t\t\t\t<div class=\"elementor-element elementor-element-d68dbf0 elementor-widget elementor-widget-text-editor\" data-id=\"d68dbf0\" data-element_type=\"widget\" data-widget_type=\"text-editor.default\">\n\t\t\t\t<div class=\"elementor-widget-container\">\n\t\t\t<style>\/*! elementor - v3.23.0 - 25-07-2024 *\/\n.elementor-widget-text-editor.elementor-drop-cap-view-stacked .elementor-drop-cap{background-color:#69727d;color:#fff}.elementor-widget-text-editor.elementor-drop-cap-view-framed .elementor-drop-cap{color:#69727d;border:3px solid;background-color:transparent}.elementor-widget-text-editor:not(.elementor-drop-cap-view-default) .elementor-drop-cap{margin-top:8px}.elementor-widget-text-editor:not(.elementor-drop-cap-view-default) .elementor-drop-cap-letter{width:1em;height:1em}.elementor-widget-text-editor .elementor-drop-cap{float:left;text-align:center;line-height:1;font-size:50px}.elementor-widget-text-editor .elementor-drop-cap-letter{display:inline-block}<\/style>\t\t\t\t<p>De acuerdo a la\u00a0<a href=\"https:\/\/www.boe.es\/buscar\/pdf\/2002\/BOE-A-2002-13758-consolidado.pdf\" target=\"_blank\" rel=\"nofollow noopener\">Ley de Servicios de la Sociedad de la Informaci\u00f3n y de Comercio Electr\u00f3nico (en adelante LSSICE)<\/a>\u00a0a continuaci\u00f3n se detallan los datos del responsable del presente sitio web, el cual es propiedad y est\u00e1 operado por\u00a0\u00a0<strong>LEGIS CONSULTORES BUSSINES, S.L.P.<\/strong><\/p><h3>Datos fiscales:<\/h3><p>Raz\u00f3n social:\u00a0<strong>LEGIS CONSULTORES BUSSINES, S.L.P.<\/strong><br \/><strong>CIF:<\/strong>\u00a0B53493045<br \/><strong>tel\u00e9fono:<\/strong>\u00a0965 808 759<br \/><strong>Direcci\u00f3n:<\/strong>\u00a0C\/ Joaqu\u00edn M\u00aa.L\u00f3pez, 16 Entlo. 03400 Villena (Alicante), Espa\u00f1a.<br \/><strong>email:<\/strong>\u00a0<a href=\"mailto:info@legis.ws\">info@legis.ws<\/a><br \/><strong>web<\/strong>.\u00a0<a href=\"https:\/\/www.legis.es\/\">www.legis.es<\/a><\/p><h3>Proceso<\/h3><p>El usuario\/ cliente tendr\u00e1 acceso al servicio de pago online para realizar el pago de los servicios jur\u00eddicos contratados en la p\u00e1gina web\u00a0<a href=\"https:\/\/www.legis.es\/\">www.legis.es<\/a>.<\/p><p>Una vez realizado recibir\u00e1 una confirmaci\u00f3n del pago.<\/p><p>Los pagos online podr\u00e1n realizarse mediante nuestro TPV virtual utilizando las tarjetas de cr\u00e9dito a trav\u00e9s de nuestra pasarela de pago de Banco Sabadell.<\/p><p>En caso de duda, el usuario puede llamar al tel\u00e9fono 965 808 759 o 965 340 050 escribir un correo electr\u00f3nico a\u00a0<a href=\"mailto:info@legis.ws\">info@legis.ws<\/a><\/p><h3>Pol\u00edtica de devoluci\u00f3n<\/h3><p>El usuario tiene derecho a la devoluci\u00f3n y desistir de los servicios contratados con car\u00e1cter previo a la efectiva prestaci\u00f3n del servicio. Una vez producido el mismo proceder\u00e1 la cancelaci\u00f3n, si con arreglo a las normas del Colegio Profesional de Abogados de Alicante procediere la misma, hubiese negligencia o no hubiese sido efectivamente prestado.<\/p><p>Las cancelaciones de servicios se tienen que informar por escrito por anticipado, enviando un correo electr\u00f3nico a\u00a0<a href=\"mailto:info@legis.ws\">info@legis.ws<\/a>\u00a0con car\u00e1cter previo a la prestaci\u00f3n del servicio contratado. No se aceptan cancelaciones informadas por ninguna otra v\u00eda. En este correo electr\u00f3nico se tiene que hacer constar todos los datos del pago a\u00f1adiendo nombre y apellidos, fecha y datos de contacto.<\/p><p>Las devoluciones se realizar\u00e1n dentro de los 5 d\u00edas naturales posteriores a la solicitud de cancelaci\u00f3n, por transferencia electr\u00f3nica a nombre de quien la realiz\u00f3.<\/p><h3>Pol\u00edtica de sustituci\u00f3n<\/h3><p>Si la persona que he realizado la contrataci\u00f3n no quiere seguir siendo cliente no se podr\u00e1 sustituir por otro cliente.<\/p><h3>Pol\u00edtica de cancelaci\u00f3n<\/h3><p><strong>LEGIS CONSULTORES BUSSINES, S.L.P.\u00a0<\/strong>se reserva el derecho a posponer o cancelar el servicio solicitado por causa de fuerza mayor y por causas contrarias a la Ley o las normas Deont\u00f3logicas del Colegio de Abogados de Alicante.<\/p>\t\t\t\t\t\t<\/div>\n\t\t\t\t<\/div>\n\t\t\t\t\t<\/div>\n\t\t\t\t<\/div>\n\t\t\t\t\t<\/div>\n\t\t\t\t<\/div>\n\t\t\t\t<\/div>","protected":false},"excerpt":{"rendered":"<p>De acuerdo a la\u00a0Ley de Servicios de la Sociedad de la Informaci\u00f3n y de Comercio Electr\u00f3nico (en adelante LSSICE)\u00a0a continuaci\u00f3n se detallan los datos del responsable del presente sitio web, el cual es propiedad y est\u00e1 operado por\u00a0\u00a0LEGIS CONSULTORES BUSSINES, S.L.P. Datos fiscales: Raz\u00f3n social:\u00a0LEGIS CONSULTORES BUSSINES, S.L.P.CIF:\u00a0B53493045tel\u00e9fono:\u00a0965 808 759Direcci\u00f3n:\u00a0C\/ Joaqu\u00edn M\u00aa.L\u00f3pez, 16 Entlo. 03400 [&hellip;]<\/p>","protected":false},"author":1,"featured_media":0,"parent":0,"menu_order":0,"comment_status":"closed","ping_status":"closed","template":"","meta":{"footnotes":""},"class_list":["post-237","page","type-page","status-publish","hentry"],"_links":{"self":[{"href":"https:\/\/moratadelaymediademos.com\/en\/wp-json\/wp\/v2\/pages\/237"}],"collection":[{"href":"https:\/\/moratadelaymediademos.com\/en\/wp-json\/wp\/v2\/pages"}],"about":[{"href":"https:\/\/moratadelaymediademos.com\/en\/wp-json\/wp\/v2\/types\/page"}],"author":[{"embeddable":true,"href":"https:\/\/moratadelaymediademos.com\/en\/wp-json\/wp\/v2\/users\/1"}],"replies":[{"embeddable":true,"href":"https:\/\/moratadelaymediademos.com\/en\/wp-json\/wp\/v2\/comments?post=237"}],"version-history":[{"count":7,"href":"https:\/\/moratadelaymediademos.com\/en\/wp-json\/wp\/v2\/pages\/237\/revisions"}],"predecessor-version":[{"id":244,"href":"https:\/\/moratadelaymediademos.com\/en\/wp-json\/wp\/v2\/pages\/237\/revisions\/244"}],"wp:attachment":[{"href":"https:\/\/moratadelaymediademos.com\/en\/wp-json\/wp\/v2\/media?parent=237"}],"curies":[{"name":"wp","href":"https:\/\/api.w.org\/{rel}","templated":true}]}}