{"id":24,"date":"2024-07-29T15:14:58","date_gmt":"2024-07-29T15:14:58","guid":{"rendered":"https:\/\/moratadelaymediademos.com\/?page_id=24"},"modified":"2024-07-29T22:18:50","modified_gmt":"2024-07-29T22:18:50","slug":"aviso-legal","status":"publish","type":"page","link":"https:\/\/moratadelaymediademos.com\/en\/aviso-legal\/","title":{"rendered":"Legal Notice"},"content":{"rendered":"<div data-elementor-type=\"wp-page\" data-elementor-id=\"24\" class=\"elementor elementor-24\" data-elementor-post-type=\"page\">\n\t\t\t\t<div class=\"elementor-element elementor-element-00d8f92 e-con-full e-flex e-con e-parent\" data-id=\"00d8f92\" data-element_type=\"container\">\n\t\t\t\t<div class=\"elementor-element elementor-element-68bb15b elementor-widget elementor-widget-image\" data-id=\"68bb15b\" data-element_type=\"widget\" data-widget_type=\"image.default\">\n\t\t\t\t<div class=\"elementor-widget-container\">\n\t\t\t<style>\/*! elementor - v3.23.0 - 25-07-2024 *\/\n.elementor-widget-image{text-align:center}.elementor-widget-image a{display:inline-block}.elementor-widget-image a img[src$=\".svg\"]{width:48px}.elementor-widget-image img{vertical-align:middle;display:inline-block}<\/style>\t\t\t\t\t\t\t\t\t\t<img decoding=\"async\" src=\"https:\/\/moratadelaymediademos.com\/wp-content\/uploads\/2024\/07\/attractive-young-lawyer-in-office-business-woman-and-lawyers-discussing-contract-papers-with-brass-s.jpg\" title=\"Attractive young lawyer in the office Business woman and lawyers discussing contract papers with brass s\" alt=\"Attractive young lawyer in office Business woman and lawyers discussing contract papers with brass s\" loading=\"lazy\" \/>\t\t\t\t\t\t\t\t\t\t\t\t\t<\/div>\n\t\t\t\t<\/div>\n\t\t<div class=\"elementor-element elementor-element-9dc6e1e e-flex e-con-boxed e-con e-child\" data-id=\"9dc6e1e\" data-element_type=\"container\">\n\t\t\t\t\t<div class=\"e-con-inner\">\n\t\t<div class=\"elementor-element elementor-element-2706d9a e-flex e-con-boxed e-con e-child\" data-id=\"2706d9a\" data-element_type=\"container\">\n\t\t\t\t\t<div class=\"e-con-inner\">\n\t\t<div class=\"elementor-element elementor-element-669959b e-flex e-con-boxed e-con e-child\" data-id=\"669959b\" data-element_type=\"container\" data-settings=\"{&quot;background_background&quot;:&quot;classic&quot;}\">\n\t\t\t\t\t<div class=\"e-con-inner\">\n\t\t\t\t\t<\/div>\n\t\t\t\t<\/div>\n\t\t\t\t\t<\/div>\n\t\t\t\t<\/div>\n\t\t\t\t\t<\/div>\n\t\t\t\t<\/div>\n\t\t\t\t<\/div>\n\t\t<div class=\"elementor-element elementor-element-0d36943 e-flex e-con-boxed e-con e-parent\" data-id=\"0d36943\" data-element_type=\"container\">\n\t\t\t\t\t<div class=\"e-con-inner\">\n\t\t<div class=\"elementor-element elementor-element-ce72450 e-flex e-con-boxed e-con e-child\" data-id=\"ce72450\" data-element_type=\"container\">\n\t\t\t\t\t<div class=\"e-con-inner\">\n\t\t\t\t<div class=\"elementor-element elementor-element-d247832 elementor-widget elementor-widget-text-editor\" data-id=\"d247832\" data-element_type=\"widget\" data-widget_type=\"text-editor.default\">\n\t\t\t\t<div class=\"elementor-widget-container\">\n\t\t\t<style>\/*! elementor - v3.23.0 - 25-07-2024 *\/\n.elementor-widget-text-editor.elementor-drop-cap-view-stacked .elementor-drop-cap{background-color:#69727d;color:#fff}.elementor-widget-text-editor.elementor-drop-cap-view-framed .elementor-drop-cap{color:#69727d;border:3px solid;background-color:transparent}.elementor-widget-text-editor:not(.elementor-drop-cap-view-default) .elementor-drop-cap{margin-top:8px}.elementor-widget-text-editor:not(.elementor-drop-cap-view-default) .elementor-drop-cap-letter{width:1em;height:1em}.elementor-widget-text-editor .elementor-drop-cap{float:left;text-align:center;line-height:1;font-size:50px}.elementor-widget-text-editor .elementor-drop-cap-letter{display:inline-block}<\/style>\t\t\t\t<h3>Informaci\u00f3n General<\/h3><p>LEGIS CONSULTORES BUSSINES, S.L.P. (en adelante LEGIS) con CIF B53493045, tiene el domicilio social en Joaqu\u00edn M\u00aa.L\u00f3pez, 16 Entlo. 03400 Villena \u2013 (Alicante \u2013 ESPA\u00d1A).<br \/>Para mayor informaci\u00f3n puede contactar con nosotros a trav\u00e9s del n\u00famero de tel\u00e9fono\u00a0 +34 965 808 759, o bien a trav\u00e9s de la siguiente direcci\u00f3n de correo electr\u00f3nico:<a href=\"mailto:info@legis.es\">info@legis.es<\/a><\/p><h3>Objeto<\/h3><p>La web LEGIS ha sido dise\u00f1ada para dar a conocer a los usuarios y clientes en general tanto los servicios fiscales, laborales y jur\u00eddicos ofrecidos desde el despacho, como el equipo de personas que componemos Legis, las tarifas en la contrataci\u00f3n online e informaci\u00f3n generada en el blog. Entendiendo como usuario a toda persona que acceda o navegue por nuestra p\u00e1gina web.<\/p><h3>Acceso<\/h3><p>Con car\u00e1cter general, los Usuarios podr\u00e1n acceder a www.legis.es de forma libre y gratuita.<\/p><h3>Propiedad inteclectual e industrial<\/h3><p>Los Derechos de Propiedad intelectual de esta web son titularidad de LEGIS CONSULTORES BUSSINES, S.L.P. Por ello, podemos alterar en cualquier momento y sin previo aviso sus contenidos (dise\u00f1o gr\u00e1fico, textos y c\u00f3digos).<\/p><p>Corresponde tambi\u00e9n a LEGIS el ejercicio exclusivo de los derechos de explotaci\u00f3n de los contenidos de la web y, en especial, los derechos de reproducci\u00f3n, distribuci\u00f3n, comunicaci\u00f3n p\u00fablica y transformaci\u00f3n.<\/p><p>Cualquier reproducci\u00f3n, distribuci\u00f3n, comercializaci\u00f3n o transformaci\u00f3n de los contenidos de la p\u00e1gina web que no haya sido expresamente autorizado por sus titulares constituye una infracci\u00f3n de los derechos de propiedad intelectual e industrial protegidos por el art\u00edculo 270 y siguientes del C\u00f3digo Penal.<\/p><h3>Responsabilidad<\/h3><p>LEGIS no se hace responsable de los posibles errores de seguridad que se pudieran producir por el hecho de utilizar versiones de navegadores no actualizadas, o de las consecuencias que se pudieran derivar del mal funcionamiento del navegador, ya sea por configuraci\u00f3n inadecuada, presencia de virus inform\u00e1ticos o cualquier otra causa ajena a nuestra empresa.<\/p><h3>Ley aplicable y jurisdicci\u00f3n<\/h3><p>Para toda cuesti\u00f3n litigiosa o que incumba a www.legis.es, ser\u00e1 de aplicaci\u00f3n la legislaci\u00f3n espa\u00f1ola, siendo competentes para la resoluci\u00f3n de todos los conflictos derivados o relacionados con el uso de la presente p\u00e1gina web, los Juzgados y Tribunales de Villena (Alicante -Espa\u00f1a).<\/p><p>Las presentes Condiciones de Uso se regir\u00e1n por lo dispuesto en la legislaci\u00f3n espa\u00f1ola.<\/p><p>En el caso de que se produzca cualquier discrepancia o controversia con motivo de la interpretaci\u00f3n o la aplicaci\u00f3n de las presentes Condiciones de Uso y el Usuario, con renuncia expresa a cualquier otro fuero que pudiera corresponderles, se someten a la jurisdicci\u00f3n de los Juzgados y Tribunales del domicilio del Usuario. En el supuesto de que \u00e9ste tenga su domicilio fuera de Espa\u00f1a, con renuncia expresa a cualquier otro fuero que pudiera corresponderles, se someter\u00e1n a la jurisdicci\u00f3n de los Juzgados y Tribunales de Villena.<\/p>\t\t\t\t\t\t<\/div>\n\t\t\t\t<\/div>\n\t\t\t\t\t<\/div>\n\t\t\t\t<\/div>\n\t\t\t\t\t<\/div>\n\t\t\t\t<\/div>\n\t\t\t\t<\/div>","protected":false},"excerpt":{"rendered":"<p>Informaci\u00f3n General LEGIS CONSULTORES BUSSINES, S.L.P. (en adelante LEGIS) con CIF B53493045, tiene el domicilio social en Joaqu\u00edn M\u00aa.L\u00f3pez, 16 Entlo. 03400 Villena \u2013 (Alicante \u2013 ESPA\u00d1A).Para mayor informaci\u00f3n puede contactar con nosotros a trav\u00e9s del n\u00famero de tel\u00e9fono\u00a0 +34 965 808 759, o bien a trav\u00e9s de la siguiente direcci\u00f3n de correo electr\u00f3nico:info@legis.es Objeto [&hellip;]<\/p>","protected":false},"author":1,"featured_media":0,"parent":0,"menu_order":0,"comment_status":"closed","ping_status":"closed","template":"","meta":{"footnotes":""},"class_list":["post-24","page","type-page","status-publish","hentry"],"_links":{"self":[{"href":"https:\/\/moratadelaymediademos.com\/en\/wp-json\/wp\/v2\/pages\/24"}],"collection":[{"href":"https:\/\/moratadelaymediademos.com\/en\/wp-json\/wp\/v2\/pages"}],"about":[{"href":"https:\/\/moratadelaymediademos.com\/en\/wp-json\/wp\/v2\/types\/page"}],"author":[{"embeddable":true,"href":"https:\/\/moratadelaymediademos.com\/en\/wp-json\/wp\/v2\/users\/1"}],"replies":[{"embeddable":true,"href":"https:\/\/moratadelaymediademos.com\/en\/wp-json\/wp\/v2\/comments?post=24"}],"version-history":[{"count":7,"href":"https:\/\/moratadelaymediademos.com\/en\/wp-json\/wp\/v2\/pages\/24\/revisions"}],"predecessor-version":[{"id":227,"href":"https:\/\/moratadelaymediademos.com\/en\/wp-json\/wp\/v2\/pages\/24\/revisions\/227"}],"wp:attachment":[{"href":"https:\/\/moratadelaymediademos.com\/en\/wp-json\/wp\/v2\/media?parent=24"}],"curies":[{"name":"wp","href":"https:\/\/api.w.org\/{rel}","templated":true}]}}