{"id":28,"date":"2024-07-29T15:16:04","date_gmt":"2024-07-29T15:16:04","guid":{"rendered":"https:\/\/moratadelaymediademos.com\/?page_id=28"},"modified":"2024-07-29T22:20:46","modified_gmt":"2024-07-29T22:20:46","slug":"politica-de-privacidad","status":"publish","type":"page","link":"https:\/\/moratadelaymediademos.com\/en\/politica-de-privacidad\/","title":{"rendered":"Privacy policy"},"content":{"rendered":"<div data-elementor-type=\"wp-page\" data-elementor-id=\"28\" class=\"elementor elementor-28\" data-elementor-post-type=\"page\">\n\t\t\t\t<div class=\"elementor-element elementor-element-60da1ff e-con-full e-flex e-con e-parent\" data-id=\"60da1ff\" data-element_type=\"container\">\n\t\t\t\t<div class=\"elementor-element elementor-element-d017c11 elementor-widget elementor-widget-image\" data-id=\"d017c11\" data-element_type=\"widget\" data-widget_type=\"image.default\">\n\t\t\t\t<div class=\"elementor-widget-container\">\n\t\t\t\t\t\t\t\t\t\t\t\t\t<img decoding=\"async\" src=\"https:\/\/moratadelaymediademos.com\/wp-content\/uploads\/2024\/07\/attractive-young-lawyer-in-office-business-woman-and-lawyers-discussing-contract-papers-with-brass-s.jpg\" title=\"Attractive young lawyer in the office Business woman and lawyers discussing contract papers with brass s\" alt=\"Attractive young lawyer in office Business woman and lawyers discussing contract papers with brass s\" loading=\"lazy\" \/>\t\t\t\t\t\t\t\t\t\t\t\t\t<\/div>\n\t\t\t\t<\/div>\n\t\t<div class=\"elementor-element elementor-element-4c9ec5f e-flex e-con-boxed e-con e-child\" data-id=\"4c9ec5f\" data-element_type=\"container\">\n\t\t\t\t\t<div class=\"e-con-inner\">\n\t\t<div class=\"elementor-element elementor-element-b7c7ce5 e-flex e-con-boxed e-con e-child\" data-id=\"b7c7ce5\" data-element_type=\"container\">\n\t\t\t\t\t<div class=\"e-con-inner\">\n\t\t<div class=\"elementor-element elementor-element-369c839 e-flex e-con-boxed e-con e-child\" data-id=\"369c839\" data-element_type=\"container\" data-settings=\"{&quot;background_background&quot;:&quot;classic&quot;}\">\n\t\t\t\t\t<div class=\"e-con-inner\">\n\t\t\t\t\t<\/div>\n\t\t\t\t<\/div>\n\t\t\t\t\t<\/div>\n\t\t\t\t<\/div>\n\t\t\t\t\t<\/div>\n\t\t\t\t<\/div>\n\t\t\t\t<\/div>\n\t\t<div class=\"elementor-element elementor-element-ee5e686 e-flex e-con-boxed e-con e-parent\" data-id=\"ee5e686\" data-element_type=\"container\">\n\t\t\t\t\t<div class=\"e-con-inner\">\n\t\t<div class=\"elementor-element elementor-element-92a7c14 e-flex e-con-boxed e-con e-child\" data-id=\"92a7c14\" data-element_type=\"container\">\n\t\t\t\t\t<div class=\"e-con-inner\">\n\t\t\t\t<div class=\"elementor-element elementor-element-c4b3f17 elementor-widget elementor-widget-text-editor\" data-id=\"c4b3f17\" data-element_type=\"widget\" data-widget_type=\"text-editor.default\">\n\t\t\t\t<div class=\"elementor-widget-container\">\n\t\t\t<style>\/*! elementor - v3.23.0 - 25-07-2024 *\/\n.elementor-widget-text-editor.elementor-drop-cap-view-stacked .elementor-drop-cap{background-color:#69727d;color:#fff}.elementor-widget-text-editor.elementor-drop-cap-view-framed .elementor-drop-cap{color:#69727d;border:3px solid;background-color:transparent}.elementor-widget-text-editor:not(.elementor-drop-cap-view-default) .elementor-drop-cap{margin-top:8px}.elementor-widget-text-editor:not(.elementor-drop-cap-view-default) .elementor-drop-cap-letter{width:1em;height:1em}.elementor-widget-text-editor .elementor-drop-cap{float:left;text-align:center;line-height:1;font-size:50px}.elementor-widget-text-editor .elementor-drop-cap-letter{display:inline-block}<\/style>\t\t\t\t<p>Para contactar con\u00a0<strong>LEGIS CONSULTORES BUSSINES, S.L.P.<\/strong>\u00a0(en adelante LEGIS) se solicitan los datos estrictamente necesarios: nombre, direcci\u00f3n de correo electr\u00f3nico y las observaciones o consultas que desee introducir, con la finalidad de facilitar la comunicaci\u00f3n entre las partes.<\/p><p><strong>LEGIS<\/strong>\u00a0ha adoptado las medidas de \u00edndole t\u00e9cnica y organizativa que garantizan la seguridad de los datos de car\u00e1cter personal, de conformidad con lo establecido en el Real Decreto 994\/1999, de 11 de junio.<\/p><p>Al pulsar en el formulario de contacto \u00abenviar\u00bb, el usuario expresa su consentimiento expl\u00edcito al tratamiento de los mismos para el desarrollo de nuestros servicios profesionales.<\/p><p>Estos derechos pueden hacerse efectivos dirigi\u00e9ndose por escrito a:\u00a0 info@legis.es<strong>\u00a0LEGIS CONSULTORES BUSSINES, S.L.P.\u00a0<\/strong>\u00a0Joaqu\u00edn M\u00aa.L\u00f3pez, 16 Entlo. 03400 VILLENA (Alicante), telf.:+34 965 808 759<\/p><p>El tratamiento de los datos personales y el env\u00edo de comunicaciones por medios electr\u00f3nicos est\u00e1n ajustados a la normativa establecida en la Ley Org\u00e1nica 15\/1999,13 de diciembre, de Protecci\u00f3n de Datos de Car\u00e1cter Personal ( B.O.E 14\/12\/1999) y en la Ley 34\/2002, de 11 de julio, de Servicios de la Sociedad de la Informaci\u00f3n y de Comercio Electr\u00f3nico (B.O.E. 12\/07\/2002).<\/p><h3>Protecci\u00f3n de Datos Personales<\/h3><p><strong>LEGIS<\/strong>\u00a0garantiza el pleno cumplimiento de la normativa de Protecci\u00f3n de Datos de Car\u00e1cter Personal, y as\u00ed, de acuerdo con el art\u00edculo 5 de la Ley Org\u00e1nica 15\/1999, de Protecci\u00f3n de Datos de Car\u00e1cter Personal (en adelante LOPD) informa sobre su pol\u00edtica de protecci\u00f3n de datos personales con la finalidad de que los usuarios de www.legis.es decidan de forma expresa, libre y voluntaria, si desean facilitar a\u00a0<strong>LEGIS<\/strong>\u00a0los datos personales que le son solicitados en la p\u00e1gina web, al efectuar cualquier consulta mediante el envio de formularios de petici\u00f3n de informaci\u00f3n. Salvo que espec\u00edficamente se establezca lo contrario, se considerar\u00e1 necesario completar todos los datos requeridos en los formularios que est\u00e9n indicados como campos obligatorios. El usuario deber\u00e1 rellenar los formularios con datos verdaderos, exactos, completos y actualizados, respondiendo de los da\u00f1os y perjuicios que pudiera ocasionar a causa de la cumplimentaci\u00f3n de los formularios con datos falsos, incompletos o no actualizados.<\/p><p>De esta forma, el usuario queda informado y presta su consentimiento a la incorporaci\u00f3n de sus datos a los ficheros automatizados existentes en la empresa y al tratamiento automatizado de los mismos para las finalidades de las solitudes que efect\u00fae el navegador a trav\u00e9s del formulario de solicitud de informaci\u00f3n, que es \u00e9l \u00fanico punto de entrada de informaci\u00f3n de car\u00e1cter personal.<\/p><p><strong>LEGIS<\/strong>\u00a0ha adoptado los niveles de seguridad de protecci\u00f3n de los datos personales exigidos en la legislaci\u00f3n vigente de protecci\u00f3n de datos personales, instalando e implantando las medidas t\u00e9cnicas y organizativas necesarias para evitar la p\u00e9rdida, mal uso, alteraci\u00f3n, acceso no autorizado y dem\u00e1s riesgos posibles. A la vez se compromete al cumplimiento de su obligaci\u00f3n de deber de secreto de los datos personales y de su deber de guardarlos y adoptar\u00e1 todas las medidas necesarias para evitar su alteraci\u00f3n, p\u00e9rdida, tratamiento o acceso no autorizado, habida cuenta en todo momento del estado de la tecnolog\u00eda.<\/p><p>En relaci\u00f3n a los datos enviados por el usuario, este podr\u00e1 ejercitar en cualquier momento sus derechos de acceso, rectificaci\u00f3n, cancelaci\u00f3n y, en su caso, oposici\u00f3n de acuerdo con lo establecido en la LOPD y dem\u00e1s normativa aplicable al efecto, dirigi\u00e9ndose a la Direcci\u00f3n de Comunicaci\u00f3n de\u00a0<strong>LEGIS<\/strong>\u00a0mediante un correo electr\u00f3nico a info@legis.es o bien enviando un escrito a<strong>\u00a0LEGIS CONSULTORES BUSSINES, S.L.P.<\/strong>\u00a0Joaqu\u00edn M\u00aa.L\u00f3pez, 16 Entlo. 03400 VILLENA (Alicante), haciendo constar siempre la identidad del usuario.<\/p><p><strong>LEGIS\u00a0<\/strong>se reserva el derecho a variar la presente pol\u00edtica, informando previamente a los usuarios de las modificaciones que en ella se produzcan.<\/p>\t\t\t\t\t\t<\/div>\n\t\t\t\t<\/div>\n\t\t\t\t\t<\/div>\n\t\t\t\t<\/div>\n\t\t\t\t\t<\/div>\n\t\t\t\t<\/div>\n\t\t\t\t<\/div>","protected":false},"excerpt":{"rendered":"<p>Para contactar con\u00a0LEGIS CONSULTORES BUSSINES, S.L.P.\u00a0(en adelante LEGIS) se solicitan los datos estrictamente necesarios: nombre, direcci\u00f3n de correo electr\u00f3nico y las observaciones o consultas que desee introducir, con la finalidad de facilitar la comunicaci\u00f3n entre las partes. LEGIS\u00a0ha adoptado las medidas de \u00edndole t\u00e9cnica y organizativa que garantizan la seguridad de los datos de car\u00e1cter [&hellip;]<\/p>","protected":false},"author":1,"featured_media":0,"parent":0,"menu_order":0,"comment_status":"closed","ping_status":"closed","template":"","meta":{"footnotes":""},"class_list":["post-28","page","type-page","status-publish","hentry"],"_links":{"self":[{"href":"https:\/\/moratadelaymediademos.com\/en\/wp-json\/wp\/v2\/pages\/28"}],"collection":[{"href":"https:\/\/moratadelaymediademos.com\/en\/wp-json\/wp\/v2\/pages"}],"about":[{"href":"https:\/\/moratadelaymediademos.com\/en\/wp-json\/wp\/v2\/types\/page"}],"author":[{"embeddable":true,"href":"https:\/\/moratadelaymediademos.com\/en\/wp-json\/wp\/v2\/users\/1"}],"replies":[{"embeddable":true,"href":"https:\/\/moratadelaymediademos.com\/en\/wp-json\/wp\/v2\/comments?post=28"}],"version-history":[{"count":7,"href":"https:\/\/moratadelaymediademos.com\/en\/wp-json\/wp\/v2\/pages\/28\/revisions"}],"predecessor-version":[{"id":236,"href":"https:\/\/moratadelaymediademos.com\/en\/wp-json\/wp\/v2\/pages\/28\/revisions\/236"}],"wp:attachment":[{"href":"https:\/\/moratadelaymediademos.com\/en\/wp-json\/wp\/v2\/media?parent=28"}],"curies":[{"name":"wp","href":"https:\/\/api.w.org\/{rel}","templated":true}]}}